{"id":4992,"date":"2016-07-04T21:42:33","date_gmt":"2016-07-04T21:42:33","guid":{"rendered":"http:\/\/hopcycling.pl\/?page_id=4992"},"modified":"2017-07-23T13:49:28","modified_gmt":"2017-07-23T13:49:28","slug":"zwift","status":"publish","type":"page","link":"https:\/\/hopcycling.pl\/en\/zwift\/","title":{"rendered":"Zwift - how to start? A guide for very resistant people"},"content":{"rendered":"<div id=\"fb-root\"><\/div>\n<h1><a href=\"http:\/\/hopcycling.pl\/wp-content\/uploads\/2016\/01\/IMG_1980.jpg\"><img loading=\"lazy\" decoding=\"async\" class=\"size-full wp-image-5002 aligncenter\" src=\"http:\/\/hopcycling.pl\/wp-content\/uploads\/2016\/01\/IMG_1980.jpg\" alt=\"IMG_1980\" width=\"1920\" height=\"652\" srcset=\"https:\/\/hopcycling.pl\/wp-content\/uploads\/2016\/01\/IMG_1980.jpg 1920w, https:\/\/hopcycling.pl\/wp-content\/uploads\/2016\/01\/IMG_1980-300x102.jpg 300w, https:\/\/hopcycling.pl\/wp-content\/uploads\/2016\/01\/IMG_1980-1024x348.jpg 1024w, https:\/\/hopcycling.pl\/wp-content\/uploads\/2016\/01\/IMG_1980-768x261.jpg 768w, https:\/\/hopcycling.pl\/wp-content\/uploads\/2016\/01\/IMG_1980-1536x522.jpg 1536w\" sizes=\"auto, (max-width: 1920px) 100vw, 1920px\" \/><\/a><\/h1>\n<p>The full text about Zwift can be found here:\u00a0<a href=\"\/en\/Grywalizacja%20kolarstwa: \u015bciganie online \u2013 Zwift\/\" target=\"_blank\">Gamification of cycling: racing online - Zwift<\/a><\/p>\n<h1>\u00a0<\/h1>\n<h1>1. Trainer, or what I&#039;m sitting on<\/h1>\n<p><a href=\"http:\/\/hopcycling.pl\/wp-content\/uploads\/2016\/01\/1.png\"><img loading=\"lazy\" decoding=\"async\" class=\"alignleft size-full wp-image-4988\" src=\"http:\/\/hopcycling.pl\/wp-content\/uploads\/2016\/01\/1.png\" alt=\"1\" width=\"1239\" height=\"850\" srcset=\"https:\/\/hopcycling.pl\/wp-content\/uploads\/2016\/01\/1.png 1239w, https:\/\/hopcycling.pl\/wp-content\/uploads\/2016\/01\/1-300x206.png 300w, https:\/\/hopcycling.pl\/wp-content\/uploads\/2016\/01\/1-1024x703.png 1024w, https:\/\/hopcycling.pl\/wp-content\/uploads\/2016\/01\/1-768x527.png 768w\" sizes=\"auto, (max-width: 1239px) 100vw, 1239px\" \/><\/a><\/p>\n<p>&nbsp;<\/p>\n<h1>2. Equipment, or what I plug in and connect\u00a0<\/h1>\n<h1><a href=\"http:\/\/hopcycling.pl\/wp-content\/uploads\/2016\/01\/2a.png\"><img loading=\"lazy\" decoding=\"async\" class=\"alignleft size-full wp-image-5000\" src=\"http:\/\/hopcycling.pl\/wp-content\/uploads\/2016\/01\/2a.png\" alt=\"2a\" width=\"1531\" height=\"797\" srcset=\"https:\/\/hopcycling.pl\/wp-content\/uploads\/2016\/01\/2a.png 1531w, https:\/\/hopcycling.pl\/wp-content\/uploads\/2016\/01\/2a-300x156.png 300w, https:\/\/hopcycling.pl\/wp-content\/uploads\/2016\/01\/2a-1024x533.png 1024w, https:\/\/hopcycling.pl\/wp-content\/uploads\/2016\/01\/2a-768x400.png 768w\" sizes=\"auto, (max-width: 1531px) 100vw, 1531px\" \/><\/a><br \/>\u00a03. Power, i.e. how do I know how I am driving - watts \/ kg<\/h1>\n<p><a href=\"http:\/\/hopcycling.pl\/wp-content\/uploads\/2016\/01\/3.png\"><img loading=\"lazy\" decoding=\"async\" class=\"alignleft size-full wp-image-4990\" src=\"http:\/\/hopcycling.pl\/wp-content\/uploads\/2016\/01\/3.png\" alt=\"3\" width=\"1531\" height=\"797\" srcset=\"https:\/\/hopcycling.pl\/wp-content\/uploads\/2016\/01\/3.png 1531w, https:\/\/hopcycling.pl\/wp-content\/uploads\/2016\/01\/3-300x156.png 300w, https:\/\/hopcycling.pl\/wp-content\/uploads\/2016\/01\/3-1024x533.png 1024w, https:\/\/hopcycling.pl\/wp-content\/uploads\/2016\/01\/3-768x400.png 768w\" sizes=\"auto, (max-width: 1531px) 100vw, 1531px\" \/><\/a>\u00a0<\/p>\n<p>*<a href=\"http:\/\/zwift.com\/getting-started\/\" target=\"_blank\">\u00a0http:\/\/zwift.com\/getting-started\/<br \/><\/a>HERE INSTRUCTIONS WHICH RESISTER SET IN THE TRAINER:<br \/>** https:\/\/support.zwift.com\/hc\/en-us\/articles\/206677786-What-Resistance-Level-do-I-set-my-Classic-Trainer-to-<br \/><a href=\"http:\/\/zwift.com\/getting-started\/\" target=\"_blank\"><br \/><\/a><\/p>\n<p>If you still do not work, I invite you to:<\/p>\n<p><a href=\"https:\/\/www.facebook.com\/groups\/zwift.polska\/\" target=\"_blank\">https:\/\/www.facebook.com\/groups\/zwift.polska\/<\/a><\/p>\n<p><a href=\"https:\/\/www.facebook.com\/groups\/zwiftriders\/\" target=\"_blank\">https:\/\/www.facebook.com\/groups\/zwiftriders\/<\/a><\/p>\n<p>and above all here:<\/p>\n<p><a href=\"https:\/\/support.zwift.com\/hc\/en-us\/community\/topics\/200165969-Tips-and-Troubleshooting\" target=\"_blank\">https:\/\/support.zwift.com\/hc\/en-us\/community\/topics\/200165969-Tips-and-Troubleshooting<\/a><\/p>\n<p>Selection of trainers and explanation made by DCRainMaker available on:\u00a0<a href=\"http:\/\/www.dcrainmaker.com\/2015\/11\/2015-2016trainer-recommendations.html\" target=\"_blank\">http:\/\/www.dcrainmaker.com\/2015\/11\/2015-2016trainer-recommendations.html<\/a><\/p>\n<p>&nbsp;<\/p>","protected":false},"excerpt":{"rendered":"<p>Full text about Zwift can be found here: Gamification of cycling: online racing - Zwift 1. The trainer, or what I sit on 2. The equipment, or what I plug in and connect 3. Power, or how I know how I&#039;m riding - watts\/kg * http:\/\/zwift.com\/getting-started\/ HERE IS THE INSTRUCTION ON WHAT RESISTANCE TO SET ON THE TRAINER:** https:\/\/support.zwift.com\/hc\/en-us\/articles\/206677786-What-Resistance-Level-do-I-set-my-Classic-Trainer-to- If something still doesn&#039;t work for you, please visit: https:\/\/www.facebook.com\/groups\/zwift.polska\/ https:\/\/www.facebook.com\/groups\/zwiftriders\/ and above all here: https:\/\/support.zwift.com\/hc\/en-us\/community\/topics\/200165969-Tips-and-Troubleshooting Choosing trainers and\u2026<\/p>","protected":false},"author":1,"featured_media":0,"parent":0,"menu_order":0,"comment_status":"closed","ping_status":"closed","template":"","meta":{"_monsterinsights_skip_tracking":false,"_monsterinsights_sitenote_active":false,"_monsterinsights_sitenote_note":"","_monsterinsights_sitenote_category":0,"footnotes":""},"class_list":["post-4992","page","type-page","status-publish","hentry"],"yoast_head":"<!-- This site is optimized with the Yoast SEO plugin v25.2 - https:\/\/yoast.com\/wordpress\/plugins\/seo\/ -->\n<title>Zwift - jak zacz\u0105\u0107? Poradnik dla bardzo oporych - Hop Cycling<\/title>\n<meta name=\"robots\" content=\"index, follow, max-snippet:-1, max-image-preview:large, max-video-preview:-1\" \/>\n<link rel=\"canonical\" href=\"https:\/\/hopcycling.pl\/en\/zwift\/\" \/>\n<meta property=\"og:locale\" content=\"en_GB\" \/>\n<meta property=\"og:type\" content=\"article\" \/>\n<meta property=\"og:title\" content=\"Zwift - jak zacz\u0105\u0107? Poradnik dla bardzo oporych - Hop Cycling\" \/>\n<meta property=\"og:description\" content=\"Pe\u0142en tekst o Zwift znajduje si\u0119 tutaj:\u00a0Grywalizacja kolarstwa: \u015bciganie online \u2013 Zwift \u00a0 1. Trena\u017cer, czyli na czym siedz\u0119 &nbsp; 2. Sprz\u0119t, czyli co wtykam i pod\u0142\u0105czam\u00a0 \u00a03.\u00a0Moc, czyli sk\u0105d wiem jak\u00a0jad\u0119 &#8211;\u00a0waty\/kg \u00a0 *\u00a0http:\/\/zwift.com\/getting-started\/TUTAJ INSTRUKCJA JAKI OP\u00d3R USTAWI\u0106 W TRENA\u017bERZE:**\u00a0https:\/\/support.zwift.com\/hc\/en-us\/articles\/206677786-What-Resistance-Level-do-I-set-my-Classic-Trainer-to- Je\u015bli dalej co\u015b Ci nie dzia\u0142a to zapraszam na: https:\/\/www.facebook.com\/groups\/zwift.polska\/ https:\/\/www.facebook.com\/groups\/zwiftriders\/ oraz przede wszystkim tutaj: https:\/\/support.zwift.com\/hc\/en-us\/community\/topics\/200165969-Tips-and-Troubleshooting Wyb\u00f3r trena\u017cer\u00f3w i...\" \/>\n<meta property=\"og:url\" content=\"https:\/\/hopcycling.pl\/en\/zwift\/\" \/>\n<meta property=\"og:site_name\" content=\"Hop Cycling\" \/>\n<meta property=\"article:modified_time\" content=\"2017-07-23T13:49:28+00:00\" \/>\n<meta property=\"og:image\" content=\"http:\/\/hopcycling.pl\/wp-content\/uploads\/2016\/01\/IMG_1980.jpg\" \/>\n<meta name=\"twitter:label1\" content=\"Estimated reading time\" \/>\n\t<meta name=\"twitter:data1\" content=\"1 minute\" \/>\n<script type=\"application\/ld+json\" class=\"yoast-schema-graph\">{\"@context\":\"https:\/\/schema.org\",\"@graph\":[{\"@type\":\"WebPage\",\"@id\":\"https:\/\/hopcycling.pl\/zwift\/\",\"url\":\"https:\/\/hopcycling.pl\/zwift\/\",\"name\":\"Zwift - jak zacz\u0105\u0107? Poradnik dla bardzo oporych - Hop Cycling\",\"isPartOf\":{\"@id\":\"https:\/\/hopcycling.pl\/#website\"},\"primaryImageOfPage\":{\"@id\":\"https:\/\/hopcycling.pl\/zwift\/#primaryimage\"},\"image\":{\"@id\":\"https:\/\/hopcycling.pl\/zwift\/#primaryimage\"},\"thumbnailUrl\":\"http:\/\/hopcycling.pl\/wp-content\/uploads\/2016\/01\/IMG_1980.jpg\",\"datePublished\":\"2016-07-04T21:42:33+00:00\",\"dateModified\":\"2017-07-23T13:49:28+00:00\",\"breadcrumb\":{\"@id\":\"https:\/\/hopcycling.pl\/zwift\/#breadcrumb\"},\"inLanguage\":\"en-GB\",\"potentialAction\":[{\"@type\":\"ReadAction\",\"target\":[\"https:\/\/hopcycling.pl\/zwift\/\"]}]},{\"@type\":\"ImageObject\",\"inLanguage\":\"en-GB\",\"@id\":\"https:\/\/hopcycling.pl\/zwift\/#primaryimage\",\"url\":\"http:\/\/hopcycling.pl\/wp-content\/uploads\/2016\/01\/IMG_1980.jpg\",\"contentUrl\":\"http:\/\/hopcycling.pl\/wp-content\/uploads\/2016\/01\/IMG_1980.jpg\"},{\"@type\":\"BreadcrumbList\",\"@id\":\"https:\/\/hopcycling.pl\/zwift\/#breadcrumb\",\"itemListElement\":[{\"@type\":\"ListItem\",\"position\":1,\"name\":\"Strona g\u0142\u00f3wna\",\"item\":\"https:\/\/hopcycling.pl\/\"},{\"@type\":\"ListItem\",\"position\":2,\"name\":\"Zwift &#8211; jak zacz\u0105\u0107? Poradnik dla bardzo oporych\"}]},{\"@type\":\"WebSite\",\"@id\":\"https:\/\/hopcycling.pl\/#website\",\"url\":\"https:\/\/hopcycling.pl\/\",\"name\":\"Hop Cycling\",\"description\":\"Same najlepsze, rowerowe pomys\u0142y dla ka\u017cdego!\",\"publisher\":{\"@id\":\"https:\/\/hopcycling.pl\/#\/schema\/person\/abea6dcd612a4c8c34e96e1c16935da2\"},\"potentialAction\":[{\"@type\":\"SearchAction\",\"target\":{\"@type\":\"EntryPoint\",\"urlTemplate\":\"https:\/\/hopcycling.pl\/?s={search_term_string}\"},\"query-input\":{\"@type\":\"PropertyValueSpecification\",\"valueRequired\":true,\"valueName\":\"search_term_string\"}}],\"inLanguage\":\"en-GB\"},{\"@type\":[\"Person\",\"Organization\"],\"@id\":\"https:\/\/hopcycling.pl\/#\/schema\/person\/abea6dcd612a4c8c34e96e1c16935da2\",\"name\":\"Maciek\",\"image\":{\"@type\":\"ImageObject\",\"inLanguage\":\"en-GB\",\"@id\":\"https:\/\/hopcycling.pl\/#\/schema\/person\/image\/\",\"url\":\"https:\/\/hopcycling.pl\/wp-content\/uploads\/2018\/02\/logo5.jpg\",\"contentUrl\":\"https:\/\/hopcycling.pl\/wp-content\/uploads\/2018\/02\/logo5.jpg\",\"width\":202,\"height\":35,\"caption\":\"Maciek\"},\"logo\":{\"@id\":\"https:\/\/hopcycling.pl\/#\/schema\/person\/image\/\"},\"description\":\"Cze\u015b\u0107, jestem Maciek. Na co dzie\u0144 pracuj\u0119 w IT: restartuj\u0119 rzeczy, tworz\u0119 nowe rzeczy wymagaj\u0105ce restartowania, pomagam w przenoszeniu do chmury rzeczy, kt\u00f3re b\u0119d\u0105 wymaga\u0142y restartowania. Staram si\u0119 te\u017c u\u0142atwia\u0107 restartowanie innym. Z biegiem lat nauczy\u0142em si\u0119 nawet tworzy\u0107 rzeczy, kt\u00f3re restartuj\u0105 si\u0119 same i teraz boj\u0119 si\u0119 o w\u0142asn\u0105 przysz\u0142o\u015b\u0107. Po pracy prowadz\u0119 tego bloga i robi\u0119 to rekreacyjnie, dlatego wszystkie opinie s\u0105 tutaj w 100% subiektywne i niekoniecznie musz\u0105 pokrywa\u0107 si\u0119 z prawd\u0105.\"}]}<\/script>\n<!-- \/ Yoast SEO plugin. -->","yoast_head_json":{"title":"Zwift - jak zacz\u0105\u0107? Poradnik dla bardzo oporych - Hop Cycling","robots":{"index":"index","follow":"follow","max-snippet":"max-snippet:-1","max-image-preview":"max-image-preview:large","max-video-preview":"max-video-preview:-1"},"canonical":"https:\/\/hopcycling.pl\/en\/zwift\/","og_locale":"en_GB","og_type":"article","og_title":"Zwift - jak zacz\u0105\u0107? Poradnik dla bardzo oporych - Hop Cycling","og_description":"Pe\u0142en tekst o Zwift znajduje si\u0119 tutaj:\u00a0Grywalizacja kolarstwa: \u015bciganie online \u2013 Zwift \u00a0 1. Trena\u017cer, czyli na czym siedz\u0119 &nbsp; 2. Sprz\u0119t, czyli co wtykam i pod\u0142\u0105czam\u00a0 \u00a03.\u00a0Moc, czyli sk\u0105d wiem jak\u00a0jad\u0119 &#8211;\u00a0waty\/kg \u00a0 *\u00a0http:\/\/zwift.com\/getting-started\/TUTAJ INSTRUKCJA JAKI OP\u00d3R USTAWI\u0106 W TRENA\u017bERZE:**\u00a0https:\/\/support.zwift.com\/hc\/en-us\/articles\/206677786-What-Resistance-Level-do-I-set-my-Classic-Trainer-to- Je\u015bli dalej co\u015b Ci nie dzia\u0142a to zapraszam na: https:\/\/www.facebook.com\/groups\/zwift.polska\/ https:\/\/www.facebook.com\/groups\/zwiftriders\/ oraz przede wszystkim tutaj: https:\/\/support.zwift.com\/hc\/en-us\/community\/topics\/200165969-Tips-and-Troubleshooting Wyb\u00f3r trena\u017cer\u00f3w i...","og_url":"https:\/\/hopcycling.pl\/en\/zwift\/","og_site_name":"Hop Cycling","article_modified_time":"2017-07-23T13:49:28+00:00","og_image":[{"url":"http:\/\/hopcycling.pl\/wp-content\/uploads\/2016\/01\/IMG_1980.jpg","type":"","width":"","height":""}],"twitter_misc":{"Estimated reading time":"1 minute"},"schema":{"@context":"https:\/\/schema.org","@graph":[{"@type":"WebPage","@id":"https:\/\/hopcycling.pl\/zwift\/","url":"https:\/\/hopcycling.pl\/zwift\/","name":"Zwift - jak zacz\u0105\u0107? Poradnik dla bardzo oporych - Hop Cycling","isPartOf":{"@id":"https:\/\/hopcycling.pl\/#website"},"primaryImageOfPage":{"@id":"https:\/\/hopcycling.pl\/zwift\/#primaryimage"},"image":{"@id":"https:\/\/hopcycling.pl\/zwift\/#primaryimage"},"thumbnailUrl":"http:\/\/hopcycling.pl\/wp-content\/uploads\/2016\/01\/IMG_1980.jpg","datePublished":"2016-07-04T21:42:33+00:00","dateModified":"2017-07-23T13:49:28+00:00","breadcrumb":{"@id":"https:\/\/hopcycling.pl\/zwift\/#breadcrumb"},"inLanguage":"en-GB","potentialAction":[{"@type":"ReadAction","target":["https:\/\/hopcycling.pl\/zwift\/"]}]},{"@type":"ImageObject","inLanguage":"en-GB","@id":"https:\/\/hopcycling.pl\/zwift\/#primaryimage","url":"http:\/\/hopcycling.pl\/wp-content\/uploads\/2016\/01\/IMG_1980.jpg","contentUrl":"http:\/\/hopcycling.pl\/wp-content\/uploads\/2016\/01\/IMG_1980.jpg"},{"@type":"BreadcrumbList","@id":"https:\/\/hopcycling.pl\/zwift\/#breadcrumb","itemListElement":[{"@type":"ListItem","position":1,"name":"Strona g\u0142\u00f3wna","item":"https:\/\/hopcycling.pl\/"},{"@type":"ListItem","position":2,"name":"Zwift &#8211; jak zacz\u0105\u0107? Poradnik dla bardzo oporych"}]},{"@type":"WebSite","@id":"https:\/\/hopcycling.pl\/#website","url":"https:\/\/hopcycling.pl\/","name":"Hop Cycling","description":"Same najlepsze, rowerowe pomys\u0142y dla ka\u017cdego!","publisher":{"@id":"https:\/\/hopcycling.pl\/#\/schema\/person\/abea6dcd612a4c8c34e96e1c16935da2"},"potentialAction":[{"@type":"SearchAction","target":{"@type":"EntryPoint","urlTemplate":"https:\/\/hopcycling.pl\/?s={search_term_string}"},"query-input":{"@type":"PropertyValueSpecification","valueRequired":true,"valueName":"search_term_string"}}],"inLanguage":"en-GB"},{"@type":["Person","Organization"],"@id":"https:\/\/hopcycling.pl\/#\/schema\/person\/abea6dcd612a4c8c34e96e1c16935da2","name":"Maciek","image":{"@type":"ImageObject","inLanguage":"en-GB","@id":"https:\/\/hopcycling.pl\/#\/schema\/person\/image\/","url":"https:\/\/hopcycling.pl\/wp-content\/uploads\/2018\/02\/logo5.jpg","contentUrl":"https:\/\/hopcycling.pl\/wp-content\/uploads\/2018\/02\/logo5.jpg","width":202,"height":35,"caption":"Maciek"},"logo":{"@id":"https:\/\/hopcycling.pl\/#\/schema\/person\/image\/"},"description":"Cze\u015b\u0107, jestem Maciek. Na co dzie\u0144 pracuj\u0119 w IT: restartuj\u0119 rzeczy, tworz\u0119 nowe rzeczy wymagaj\u0105ce restartowania, pomagam w przenoszeniu do chmury rzeczy, kt\u00f3re b\u0119d\u0105 wymaga\u0142y restartowania. Staram si\u0119 te\u017c u\u0142atwia\u0107 restartowanie innym. Z biegiem lat nauczy\u0142em si\u0119 nawet tworzy\u0107 rzeczy, kt\u00f3re restartuj\u0105 si\u0119 same i teraz boj\u0119 si\u0119 o w\u0142asn\u0105 przysz\u0142o\u015b\u0107. Po pracy prowadz\u0119 tego bloga i robi\u0119 to rekreacyjnie, dlatego wszystkie opinie s\u0105 tutaj w 100% subiektywne i niekoniecznie musz\u0105 pokrywa\u0107 si\u0119 z prawd\u0105."}]}},"_links":{"self":[{"href":"https:\/\/hopcycling.pl\/en\/wp-json\/wp\/v2\/pages\/4992","targetHints":{"allow":["GET"]}}],"collection":[{"href":"https:\/\/hopcycling.pl\/en\/wp-json\/wp\/v2\/pages"}],"about":[{"href":"https:\/\/hopcycling.pl\/en\/wp-json\/wp\/v2\/types\/page"}],"author":[{"embeddable":true,"href":"https:\/\/hopcycling.pl\/en\/wp-json\/wp\/v2\/users\/1"}],"replies":[{"embeddable":true,"href":"https:\/\/hopcycling.pl\/en\/wp-json\/wp\/v2\/comments?post=4992"}],"version-history":[{"count":0,"href":"https:\/\/hopcycling.pl\/en\/wp-json\/wp\/v2\/pages\/4992\/revisions"}],"wp:attachment":[{"href":"https:\/\/hopcycling.pl\/en\/wp-json\/wp\/v2\/media?parent=4992"}],"curies":[{"name":"wp","href":"https:\/\/api.w.org\/{rel}","templated":true}]}}