{"id":6973,"date":"2016-07-23T12:16:53","date_gmt":"2016-07-23T12:16:53","guid":{"rendered":"http:\/\/hopcycling.pl\/?page_id=6973"},"modified":"2020-08-22T15:44:13","modified_gmt":"2020-08-22T15:44:13","slug":"kontakt","status":"publish","type":"page","link":"https:\/\/hopcycling.pl\/en\/kontakt\/","title":{"rendered":"contact"},"content":{"rendered":"<div id=\"fb-root\"><\/div>\n<blockquote><p>The form is a little broken, I&#039;ll fix it tomorrow.<\/p>\n<p>~ Maciek, February 2020<\/p><\/blockquote>\n<p>For now I invite you to: maciekhop@gmail.com :-)<\/p>\n<p><strong>* I answer emails with questions related to the areas \/ equipment described on the blog only in the comments under the appropriate entries.<\/strong><\/p>","protected":false},"excerpt":{"rendered":"<p>Form broke a little, I&#039;ll fix it tomorrow. ~ Maciek, February 2020 For now, I invite you to: maciekhop@gmail.com :-) * To e-mails with questions related to the areas \/ equipment described on the blog, I only answer in the comments under the appropriate entries.<\/p>","protected":false},"author":1,"featured_media":0,"parent":0,"menu_order":0,"comment_status":"closed","ping_status":"closed","template":"","meta":{"_monsterinsights_skip_tracking":false,"_monsterinsights_sitenote_active":false,"_monsterinsights_sitenote_note":"","_monsterinsights_sitenote_category":0,"footnotes":""},"class_list":["post-6973","page","type-page","status-publish","hentry"],"yoast_head":"<!-- This site is optimized with the Yoast SEO plugin v25.2 - https:\/\/yoast.com\/wordpress\/plugins\/seo\/ -->\n<title>Kontakt - Hop Cycling<\/title>\n<meta name=\"robots\" content=\"index, follow, max-snippet:-1, max-image-preview:large, max-video-preview:-1\" \/>\n<link rel=\"canonical\" href=\"https:\/\/hopcycling.pl\/en\/kontakt\/\" \/>\n<meta property=\"og:locale\" content=\"en_GB\" \/>\n<meta property=\"og:type\" content=\"article\" \/>\n<meta property=\"og:title\" content=\"Kontakt - Hop Cycling\" \/>\n<meta property=\"og:description\" content=\"Formularz troch\u0119 si\u0119 popsu\u0142, naprawi\u0119 jutro. ~Maciek, luty 2020 P\u00f3ki co zapraszam na: maciekhop@gmail.com :-) * Na maile z pytaniami zwi\u0105zanymi z terenami\/sprz\u0119tem opisywanymi na blogu, odpowiadam jedynie w komentarzach pod odpowiednimi wpisami.\" \/>\n<meta property=\"og:url\" content=\"https:\/\/hopcycling.pl\/en\/kontakt\/\" \/>\n<meta property=\"og:site_name\" content=\"Hop Cycling\" \/>\n<meta property=\"article:modified_time\" content=\"2020-08-22T15:44:13+00:00\" \/>\n<script type=\"application\/ld+json\" class=\"yoast-schema-graph\">{\"@context\":\"https:\/\/schema.org\",\"@graph\":[{\"@type\":\"WebPage\",\"@id\":\"https:\/\/hopcycling.pl\/kontakt\/\",\"url\":\"https:\/\/hopcycling.pl\/kontakt\/\",\"name\":\"Kontakt - Hop Cycling\",\"isPartOf\":{\"@id\":\"https:\/\/hopcycling.pl\/#website\"},\"datePublished\":\"2016-07-23T12:16:53+00:00\",\"dateModified\":\"2020-08-22T15:44:13+00:00\",\"breadcrumb\":{\"@id\":\"https:\/\/hopcycling.pl\/kontakt\/#breadcrumb\"},\"inLanguage\":\"en-GB\",\"potentialAction\":[{\"@type\":\"ReadAction\",\"target\":[\"https:\/\/hopcycling.pl\/kontakt\/\"]}]},{\"@type\":\"BreadcrumbList\",\"@id\":\"https:\/\/hopcycling.pl\/kontakt\/#breadcrumb\",\"itemListElement\":[{\"@type\":\"ListItem\",\"position\":1,\"name\":\"Strona g\u0142\u00f3wna\",\"item\":\"https:\/\/hopcycling.pl\/\"},{\"@type\":\"ListItem\",\"position\":2,\"name\":\"Kontakt\"}]},{\"@type\":\"WebSite\",\"@id\":\"https:\/\/hopcycling.pl\/#website\",\"url\":\"https:\/\/hopcycling.pl\/\",\"name\":\"Hop Cycling\",\"description\":\"Same najlepsze, rowerowe pomys\u0142y dla ka\u017cdego!\",\"publisher\":{\"@id\":\"https:\/\/hopcycling.pl\/#\/schema\/person\/abea6dcd612a4c8c34e96e1c16935da2\"},\"potentialAction\":[{\"@type\":\"SearchAction\",\"target\":{\"@type\":\"EntryPoint\",\"urlTemplate\":\"https:\/\/hopcycling.pl\/?s={search_term_string}\"},\"query-input\":{\"@type\":\"PropertyValueSpecification\",\"valueRequired\":true,\"valueName\":\"search_term_string\"}}],\"inLanguage\":\"en-GB\"},{\"@type\":[\"Person\",\"Organization\"],\"@id\":\"https:\/\/hopcycling.pl\/#\/schema\/person\/abea6dcd612a4c8c34e96e1c16935da2\",\"name\":\"Maciek\",\"image\":{\"@type\":\"ImageObject\",\"inLanguage\":\"en-GB\",\"@id\":\"https:\/\/hopcycling.pl\/#\/schema\/person\/image\/\",\"url\":\"https:\/\/hopcycling.pl\/wp-content\/uploads\/2018\/02\/logo5.jpg\",\"contentUrl\":\"https:\/\/hopcycling.pl\/wp-content\/uploads\/2018\/02\/logo5.jpg\",\"width\":202,\"height\":35,\"caption\":\"Maciek\"},\"logo\":{\"@id\":\"https:\/\/hopcycling.pl\/#\/schema\/person\/image\/\"},\"description\":\"Cze\u015b\u0107, jestem Maciek. Na co dzie\u0144 pracuj\u0119 w IT: restartuj\u0119 rzeczy, tworz\u0119 nowe rzeczy wymagaj\u0105ce restartowania, pomagam w przenoszeniu do chmury rzeczy, kt\u00f3re b\u0119d\u0105 wymaga\u0142y restartowania. Staram si\u0119 te\u017c u\u0142atwia\u0107 restartowanie innym. Z biegiem lat nauczy\u0142em si\u0119 nawet tworzy\u0107 rzeczy, kt\u00f3re restartuj\u0105 si\u0119 same i teraz boj\u0119 si\u0119 o w\u0142asn\u0105 przysz\u0142o\u015b\u0107. Po pracy prowadz\u0119 tego bloga i robi\u0119 to rekreacyjnie, dlatego wszystkie opinie s\u0105 tutaj w 100% subiektywne i niekoniecznie musz\u0105 pokrywa\u0107 si\u0119 z prawd\u0105.\"}]}<\/script>\n<!-- \/ Yoast SEO plugin. -->","yoast_head_json":{"title":"Kontakt - Hop Cycling","robots":{"index":"index","follow":"follow","max-snippet":"max-snippet:-1","max-image-preview":"max-image-preview:large","max-video-preview":"max-video-preview:-1"},"canonical":"https:\/\/hopcycling.pl\/en\/kontakt\/","og_locale":"en_GB","og_type":"article","og_title":"Kontakt - Hop Cycling","og_description":"Formularz troch\u0119 si\u0119 popsu\u0142, naprawi\u0119 jutro. ~Maciek, luty 2020 P\u00f3ki co zapraszam na: maciekhop@gmail.com :-) * Na maile z pytaniami zwi\u0105zanymi z terenami\/sprz\u0119tem opisywanymi na blogu, odpowiadam jedynie w komentarzach pod odpowiednimi wpisami.","og_url":"https:\/\/hopcycling.pl\/en\/kontakt\/","og_site_name":"Hop Cycling","article_modified_time":"2020-08-22T15:44:13+00:00","schema":{"@context":"https:\/\/schema.org","@graph":[{"@type":"WebPage","@id":"https:\/\/hopcycling.pl\/kontakt\/","url":"https:\/\/hopcycling.pl\/kontakt\/","name":"Kontakt - Hop Cycling","isPartOf":{"@id":"https:\/\/hopcycling.pl\/#website"},"datePublished":"2016-07-23T12:16:53+00:00","dateModified":"2020-08-22T15:44:13+00:00","breadcrumb":{"@id":"https:\/\/hopcycling.pl\/kontakt\/#breadcrumb"},"inLanguage":"en-GB","potentialAction":[{"@type":"ReadAction","target":["https:\/\/hopcycling.pl\/kontakt\/"]}]},{"@type":"BreadcrumbList","@id":"https:\/\/hopcycling.pl\/kontakt\/#breadcrumb","itemListElement":[{"@type":"ListItem","position":1,"name":"Strona g\u0142\u00f3wna","item":"https:\/\/hopcycling.pl\/"},{"@type":"ListItem","position":2,"name":"Kontakt"}]},{"@type":"WebSite","@id":"https:\/\/hopcycling.pl\/#website","url":"https:\/\/hopcycling.pl\/","name":"Hop Cycling","description":"Same najlepsze, rowerowe pomys\u0142y dla ka\u017cdego!","publisher":{"@id":"https:\/\/hopcycling.pl\/#\/schema\/person\/abea6dcd612a4c8c34e96e1c16935da2"},"potentialAction":[{"@type":"SearchAction","target":{"@type":"EntryPoint","urlTemplate":"https:\/\/hopcycling.pl\/?s={search_term_string}"},"query-input":{"@type":"PropertyValueSpecification","valueRequired":true,"valueName":"search_term_string"}}],"inLanguage":"en-GB"},{"@type":["Person","Organization"],"@id":"https:\/\/hopcycling.pl\/#\/schema\/person\/abea6dcd612a4c8c34e96e1c16935da2","name":"Maciek","image":{"@type":"ImageObject","inLanguage":"en-GB","@id":"https:\/\/hopcycling.pl\/#\/schema\/person\/image\/","url":"https:\/\/hopcycling.pl\/wp-content\/uploads\/2018\/02\/logo5.jpg","contentUrl":"https:\/\/hopcycling.pl\/wp-content\/uploads\/2018\/02\/logo5.jpg","width":202,"height":35,"caption":"Maciek"},"logo":{"@id":"https:\/\/hopcycling.pl\/#\/schema\/person\/image\/"},"description":"Cze\u015b\u0107, jestem Maciek. Na co dzie\u0144 pracuj\u0119 w IT: restartuj\u0119 rzeczy, tworz\u0119 nowe rzeczy wymagaj\u0105ce restartowania, pomagam w przenoszeniu do chmury rzeczy, kt\u00f3re b\u0119d\u0105 wymaga\u0142y restartowania. Staram si\u0119 te\u017c u\u0142atwia\u0107 restartowanie innym. Z biegiem lat nauczy\u0142em si\u0119 nawet tworzy\u0107 rzeczy, kt\u00f3re restartuj\u0105 si\u0119 same i teraz boj\u0119 si\u0119 o w\u0142asn\u0105 przysz\u0142o\u015b\u0107. Po pracy prowadz\u0119 tego bloga i robi\u0119 to rekreacyjnie, dlatego wszystkie opinie s\u0105 tutaj w 100% subiektywne i niekoniecznie musz\u0105 pokrywa\u0107 si\u0119 z prawd\u0105."}]}},"_links":{"self":[{"href":"https:\/\/hopcycling.pl\/en\/wp-json\/wp\/v2\/pages\/6973","targetHints":{"allow":["GET"]}}],"collection":[{"href":"https:\/\/hopcycling.pl\/en\/wp-json\/wp\/v2\/pages"}],"about":[{"href":"https:\/\/hopcycling.pl\/en\/wp-json\/wp\/v2\/types\/page"}],"author":[{"embeddable":true,"href":"https:\/\/hopcycling.pl\/en\/wp-json\/wp\/v2\/users\/1"}],"replies":[{"embeddable":true,"href":"https:\/\/hopcycling.pl\/en\/wp-json\/wp\/v2\/comments?post=6973"}],"version-history":[{"count":0,"href":"https:\/\/hopcycling.pl\/en\/wp-json\/wp\/v2\/pages\/6973\/revisions"}],"wp:attachment":[{"href":"https:\/\/hopcycling.pl\/en\/wp-json\/wp\/v2\/media?parent=6973"}],"curies":[{"name":"wp","href":"https:\/\/api.w.org\/{rel}","templated":true}]}}